{"id":956,"date":"2021-03-17T20:13:26","date_gmt":"2021-03-17T19:13:26","guid":{"rendered":"http:\/\/new.vs-jaegergrund.at\/?page_id=956"},"modified":"2023-07-25T17:07:42","modified_gmt":"2023-07-25T15:07:42","slug":"chor-und-theater","status":"publish","type":"page","link":"https:\/\/new.vs-jaegergrund.at\/?page_id=956","title":{"rendered":"Chor und Theater"},"content":{"rendered":"\n<p class=\"has-medium-font-size\">Ab der 2. Klasse haben die Kinder am Schulanfang die M\u00f6glichkeit, sich dem Chor oder der Theatergruppe unserer Schule anzuschlie\u00dfen.<\/p>\n\n\n\n<p class=\"has-medium-font-size\">Zu Weihnachten und zum Schulschluss gibt es dann immer eine gro\u00dfe gemeinsame Auff\u00fchrung, wo die Kinder ihre kreativen Talente unter Beweis stellen k\u00f6nnen.<\/p>\n\n\n\n<p class=\"has-medium-font-size\">Hier finden Sie eine Sammlung von weiteren Videos, welche wir in den letzten beiden Jahren gemeinsam mit den Kindern kreiert haben. Viel Spa\u00df beim Anschauen!<br><\/p>\n\n\n\n<h2 class=\"wp-block-heading\">Kinderrechte Video<\/h2>\n\n\n\n<p>Ganz besonders stolz sind wir auf unser Kinderrechte Video. Daf\u00fcr haben sich die Chor- und Theaterkinder besonders ins Zeug gelegt, ein eigenes Lied geschrieben und sich wahnsinnig viele Gedanken zum Thema Kinderrechte gemacht. <\/p>\n\n\n\n<p>Aber sehen Sie selbst: <\/p>\n\n\n\n<figure class=\"wp-block-embed is-type-video is-provider-youtube wp-block-embed-youtube wp-embed-aspect-16-9 wp-has-aspect-ratio\"><div class=\"wp-block-embed__wrapper\">\n<iframe loading=\"lazy\" title=\"Unsere Kinderrechte\" width=\"952\" height=\"536\" src=\"https:\/\/www.youtube.com\/embed\/ITd58GvaJxA?feature=oembed\" frameborder=\"0\" allow=\"accelerometer; autoplay; clipboard-write; encrypted-media; gyroscope; picture-in-picture; web-share\" allowfullscreen><\/iframe>\n<\/div><\/figure>\n\n\n\n<p>Viel Spa\u00df beim Anschauen!! <\/p>\n\n\n\n<p><\/p>\n\n\n\n<p><\/p>\n\n\n<p><iframe loading=\"lazy\" src=\"https:\/\/player.vimeo.com\/video\/697739433?h=11b59c2fbe\" allow=\"autoplay; fullscreen\" allowfullscreen=\"\" width=\"640\" height=\"564\" frameborder=\"0\"><\/iframe><\/p>\n<div style=\"padding: 56.25% 0 0 0; position: relative;\"><iframe style=\"position: absolute; top: 0; left: 0; width: 100%; height: 100%;\" src=\"https:\/\/player.vimeo.com\/video\/658349701?h=9ecdeea4fb&amp;badge=0&amp;autopause=0&amp;player_id=0&amp;app_id=58479\/embed\" allowfullscreen=\"allowfullscreen\" frameborder=\"0\"><\/iframe><\/div>\n<div style=\"padding: 56.25% 0 0 0; position: relative;\"><iframe style=\"position: absolute; top: 0; left: 0; width: 100%; height: 100%;\" src=\"https:\/\/player.vimeo.com\/video\/577558516?title=0&amp;byline=0&amp;portrait=0&amp;speed=0&amp;badge=0&amp;autopause=0&amp;player_id=0&amp;app_id=58479\/embed\" allowfullscreen=\"allowfullscreen\" frameborder=\"0\"><\/iframe><\/div>\n<p><iframe loading=\"lazy\" src=\"https:\/\/player.vimeo.com\/video\/528450500\" allowfullscreen=\"allowfullscreen\" width=\"640\" height=\"564\" frameborder=\"0\"><\/iframe><\/p>\n<p><iframe loading=\"lazy\" src=\"https:\/\/player.vimeo.com\/video\/523871424\" allowfullscreen=\"allowfullscreen\" width=\"640\" height=\"1138\" frameborder=\"0\"><\/iframe><\/p>\n<p><iframe loading=\"lazy\" src=\"https:\/\/player.vimeo.com\/video\/493911910\" allowfullscreen=\"allowfullscreen\" width=\"640\" height=\"564\" frameborder=\"0\"><\/iframe><\/p>","protected":false},"excerpt":{"rendered":"<p>Ab der 2. Klasse haben die Kinder am Schulanfang die M\u00f6glichkeit, sich dem Chor oder der Theatergruppe unserer Schule anzuschlie\u00dfen. Zu Weihnachten und zum Schulschluss gibt es dann immer eine gro\u00dfe gemeinsame Auff\u00fchrung, wo die Kinder ihre kreativen Talente unter Beweis stellen k\u00f6nnen. Hier finden Sie eine Sammlung von weiteren Videos, welche wir in den&hellip; <a href=\"https:\/\/new.vs-jaegergrund.at\/?page_id=956\" class=\"more-link\">Weiterlesen <span class=\"screen-reader-text\">Chor und Theater<\/span><\/a><\/p>\n","protected":false},"author":4,"featured_media":0,"parent":0,"menu_order":0,"comment_status":"closed","ping_status":"closed","template":"","meta":{"footnotes":""},"_links":{"self":[{"href":"https:\/\/new.vs-jaegergrund.at\/index.php?rest_route=\/wp\/v2\/pages\/956"}],"collection":[{"href":"https:\/\/new.vs-jaegergrund.at\/index.php?rest_route=\/wp\/v2\/pages"}],"about":[{"href":"https:\/\/new.vs-jaegergrund.at\/index.php?rest_route=\/wp\/v2\/types\/page"}],"author":[{"embeddable":true,"href":"https:\/\/new.vs-jaegergrund.at\/index.php?rest_route=\/wp\/v2\/users\/4"}],"replies":[{"embeddable":true,"href":"https:\/\/new.vs-jaegergrund.at\/index.php?rest_route=%2Fwp%2Fv2%2Fcomments&post=956"}],"version-history":[{"count":8,"href":"https:\/\/new.vs-jaegergrund.at\/index.php?rest_route=\/wp\/v2\/pages\/956\/revisions"}],"predecessor-version":[{"id":1468,"href":"https:\/\/new.vs-jaegergrund.at\/index.php?rest_route=\/wp\/v2\/pages\/956\/revisions\/1468"}],"wp:attachment":[{"href":"https:\/\/new.vs-jaegergrund.at\/index.php?rest_route=%2Fwp%2Fv2%2Fmedia&parent=956"}],"curies":[{"name":"wp","href":"https:\/\/api.w.org\/{rel}","templated":true}]}}