{"id":69,"date":"2019-01-03T20:35:10","date_gmt":"2019-01-03T19:35:10","guid":{"rendered":"http:\/\/www.vs-jaegergrund.at\/wordpress\/wordpress\/?page_id=69"},"modified":"2025-06-18T17:07:24","modified_gmt":"2025-06-18T15:07:24","slug":"startseite","status":"publish","type":"page","link":"https:\/\/new.vs-jaegergrund.at\/","title":{"rendered":"VS J\u00e4gergrund"},"content":{"rendered":"\n<div class=\"wp-block-cover alignwide is-light\"><span aria-hidden=\"true\" class=\"wp-block-cover__background has-background-dim-0 has-background-dim\"><\/span><img loading=\"lazy\" decoding=\"async\" width=\"1415\" height=\"614\" class=\"wp-block-cover__image-background wp-image-1241\" alt=\"\" src=\"http:\/\/new.vs-jaegergrund.at\/wp-content\/uploads\/2022\/08\/Logo_VS-Jaegergrund.jpg\" data-object-fit=\"cover\" srcset=\"https:\/\/new.vs-jaegergrund.at\/wp-content\/uploads\/2022\/08\/Logo_VS-Jaegergrund.jpg 1415w, https:\/\/new.vs-jaegergrund.at\/wp-content\/uploads\/2022\/08\/Logo_VS-Jaegergrund-300x130.jpg 300w, https:\/\/new.vs-jaegergrund.at\/wp-content\/uploads\/2022\/08\/Logo_VS-Jaegergrund-1024x444.jpg 1024w, https:\/\/new.vs-jaegergrund.at\/wp-content\/uploads\/2022\/08\/Logo_VS-Jaegergrund-768x333.jpg 768w\" sizes=\"(max-width: 1415px) 100vw, 1415px\" \/><div class=\"wp-block-cover__inner-container is-layout-flow wp-block-cover-is-layout-flow\">\n<p class=\"has-text-align-center has-large-font-size\"> <br><\/p>\n<\/div><\/div>\n\n\n\n<p style=\"font-size:21px\">Unterer Br\u00fcndlweg 21<br>8053 Graz<br><a href=\"mailto:vs.jaegergrund@vs-jaegergrund.edu.graz.at\">vs.jaegergrund@vs-jaegergrund.edu.graz.at<\/a><br>0316\/8726960<br>0664\/608726960<br>Nachmittagsbetreuung: 0664\/7645314<\/p>\n\n\n\n<hr class=\"wp-block-separator has-css-opacity\"\/>\n\n\n\n<h2 class=\"wp-block-heading\"><\/h2>\n\n\n\n<figure class=\"wp-block-image size-large\"><img loading=\"lazy\" decoding=\"async\" width=\"876\" height=\"1024\" src=\"http:\/\/new.vs-jaegergrund.at\/wp-content\/uploads\/2025\/06\/Bildschirmfoto-2025-06-18-um-17.06.50-876x1024.png\" alt=\"\" class=\"wp-image-1943\" srcset=\"https:\/\/new.vs-jaegergrund.at\/wp-content\/uploads\/2025\/06\/Bildschirmfoto-2025-06-18-um-17.06.50-876x1024.png 876w, https:\/\/new.vs-jaegergrund.at\/wp-content\/uploads\/2025\/06\/Bildschirmfoto-2025-06-18-um-17.06.50-256x300.png 256w, https:\/\/new.vs-jaegergrund.at\/wp-content\/uploads\/2025\/06\/Bildschirmfoto-2025-06-18-um-17.06.50-768x898.png 768w, https:\/\/new.vs-jaegergrund.at\/wp-content\/uploads\/2025\/06\/Bildschirmfoto-2025-06-18-um-17.06.50.png 908w\" sizes=\"(max-width: 876px) 100vw, 876px\" \/><\/figure>\n\n\n\n<hr class=\"wp-block-separator has-css-opacity\"\/>\n\n\n\n<h2 class=\"wp-block-heading\"><strong>&#8222;TAG der OFFENEN T\u00dcR&#8220;<\/strong><\/h2>\n\n\n\n<p><\/p>\n\n\n\n<p><\/p>\n\n\n\n<p class=\"has-medium-font-size\">Ein paar Kinder unserer Schule m\u00f6chten Ihnen unser Schulhaus vorstellen.<br><iframe loading=\"lazy\" src=\"https:\/\/player.vimeo.com\/video\/471097424\" allow=\"autoplay; fullscreen\" allowfullscreen=\"\" width=\"640\" height=\"564\" frameborder=\"0\">&amp;amp;lt;br&gt;Falls Sie genauere Informationen \u00fcber unsere Schule haben m\u00f6chten oder Fragen haben, k\u00f6nnen Sie uns gerne eine Mail schreiben.&amp;amp;lt;br&gt;&amp;amp;lt;a rel=&#8220;noreferrer noopener&#8220; href=&#8220;mailto:vs.jaegergrund@vs-jaegergrund.edu.graz.at&#8220; target=&#8220;_blank&#8220;&gt;vs.jaegergrund@vs-jaegergrund.edu.graz.at&nbsp;&amp;amp;lt;\/a&gt;&amp;amp;lt;br&gt;WIR FREUEN UNS \u00dcBER IHR INTERESSE!&amp;amp;lt;strong&gt;&amp;amp;lt;br&gt;&amp;amp;lt;\/strong&gt;&amp;amp;lt;\/p&gt;<\/iframe><\/p>\n\n\n\n<p>Wir sind megastolz auf unsere K\u00fcnstlerinnen und K\u00fcnstler!!!<\/p>\n\n\n\n<p>Wenn Sie mehr wissen m\u00f6chten oder Fragen haben, k\u00f6nnen Sie uns gerne ein E-Mail schreiben.<br><a href=\"mailto:vs.jaegergrund@vs-jaegergrund.edu.graz.at\">vs.jaegergrund@vs-jaegergrund.edu.graz.at<\/a><br><br>WIR FREUEN UNS \u00dcBER IHR INTERESSE!<br><br><br><\/p>\n\n\n\n<hr class=\"wp-block-separator has-css-opacity\"\/>\n\n\n\n<h2 class=\"wp-block-heading\">Unsere Partner<\/h2>\n\n\n\n<div class=\"wp-block-columns is-layout-flex wp-container-core-columns-is-layout-1 wp-block-columns-is-layout-flex\">\n<div class=\"wp-block-column is-layout-flow wp-block-column-is-layout-flow\" style=\"flex-basis:33.33%\">\n<figure class=\"wp-block-image size-full is-resized\"><a href=\"https:\/\/menschenrechtsschule.at\/\" target=\"_blank\" rel=\"noopener\"><img loading=\"lazy\" decoding=\"async\" width=\"193\" height=\"111\" src=\"http:\/\/new.vs-jaegergrund.at\/wp-content\/uploads\/2022\/08\/Logo-menschenrecht-2.png\" alt=\"\" class=\"wp-image-1280\" style=\"width:97px;height:56px\"\/><\/a><\/figure>\n\n\n\n<figure class=\"wp-block-image size-large\"><img loading=\"lazy\" decoding=\"async\" width=\"1024\" height=\"768\" src=\"http:\/\/new.vs-jaegergrund.at\/wp-content\/uploads\/2024\/04\/Logo-JJFK-1024x768.png\" alt=\"\" class=\"wp-image-1698\" srcset=\"https:\/\/new.vs-jaegergrund.at\/wp-content\/uploads\/2024\/04\/Logo-JJFK-1024x768.png 1024w, https:\/\/new.vs-jaegergrund.at\/wp-content\/uploads\/2024\/04\/Logo-JJFK-300x225.png 300w, https:\/\/new.vs-jaegergrund.at\/wp-content\/uploads\/2024\/04\/Logo-JJFK-768x576.png 768w, https:\/\/new.vs-jaegergrund.at\/wp-content\/uploads\/2024\/04\/Logo-JJFK-1536x1152.png 1536w, https:\/\/new.vs-jaegergrund.at\/wp-content\/uploads\/2024\/04\/Logo-JJFK.png 2048w\" sizes=\"(max-width: 1024px) 100vw, 1024px\" \/><\/figure>\n<\/div>\n\n\n\n<div class=\"wp-block-column is-layout-flow wp-block-column-is-layout-flow\">\n<figure class=\"wp-block-image size-large\"><img loading=\"lazy\" decoding=\"async\" width=\"876\" height=\"1024\" src=\"http:\/\/new.vs-jaegergrund.at\/wp-content\/uploads\/2022\/10\/FSJ-Logo_ONLINE-876x1024.jpg\" alt=\"\" class=\"wp-image-1313\" srcset=\"https:\/\/new.vs-jaegergrund.at\/wp-content\/uploads\/2022\/10\/FSJ-Logo_ONLINE-876x1024.jpg 876w, https:\/\/new.vs-jaegergrund.at\/wp-content\/uploads\/2022\/10\/FSJ-Logo_ONLINE-257x300.jpg 257w, https:\/\/new.vs-jaegergrund.at\/wp-content\/uploads\/2022\/10\/FSJ-Logo_ONLINE-768x898.jpg 768w, https:\/\/new.vs-jaegergrund.at\/wp-content\/uploads\/2022\/10\/FSJ-Logo_ONLINE.jpg 1223w\" sizes=\"(max-width: 876px) 100vw, 876px\" \/><\/figure>\n<\/div>\n\n\n\n<div class=\"wp-block-column is-layout-flow wp-block-column-is-layout-flow\" style=\"flex-basis:33.33%\">\n<figure class=\"wp-block-image size-full is-resized\"><a href=\"https:\/\/www.phst.at\/home\/\" target=\"_blank\" rel=\"noopener\"><img loading=\"lazy\" decoding=\"async\" width=\"265\" height=\"300\" src=\"http:\/\/new.vs-jaegergrund.at\/wp-content\/uploads\/2022\/08\/Logo-PHST-2.png\" alt=\"\" class=\"wp-image-1281\" style=\"width:66px;height:75px\"\/><\/a><\/figure>\n<\/div>\n\n\n\n<div class=\"wp-block-column is-layout-flow wp-block-column-is-layout-flow\" style=\"flex-basis:33.33%\">\n<figure class=\"wp-block-image size-full is-resized\"><a href=\"https:\/\/www.argejugend.at\/\" target=\"_blank\" rel=\"noopener\"><img loading=\"lazy\" decoding=\"async\" width=\"250\" height=\"300\" src=\"http:\/\/new.vs-jaegergrund.at\/wp-content\/uploads\/2022\/08\/Logo_ArgeJugend-1.jpg\" alt=\"\" class=\"wp-image-1282\" style=\"width:63px;height:75px\"\/><\/a><\/figure>\n<\/div>\n<\/div>\n\n\n<div class=\"wp-block-image\">\n<figure class=\"aligncenter size-full is-resized\"><a href=\"https:\/\/eeducation.at\" target=\"_blank\" rel=\"https:\/\/eeducation.at noopener\"><img loading=\"lazy\" decoding=\"async\" width=\"630\" height=\"624\" src=\"http:\/\/new.vs-jaegergrund.at\/wp-content\/uploads\/2023\/11\/Bildschirmfoto-2023-11-09-um-20.10.50.png\" alt=\"\" class=\"wp-image-1562\" style=\"width:201px;height:198px\" srcset=\"https:\/\/new.vs-jaegergrund.at\/wp-content\/uploads\/2023\/11\/Bildschirmfoto-2023-11-09-um-20.10.50.png 630w, https:\/\/new.vs-jaegergrund.at\/wp-content\/uploads\/2023\/11\/Bildschirmfoto-2023-11-09-um-20.10.50-300x297.png 300w, https:\/\/new.vs-jaegergrund.at\/wp-content\/uploads\/2023\/11\/Bildschirmfoto-2023-11-09-um-20.10.50-150x150.png 150w\" sizes=\"(max-width: 630px) 100vw, 630px\" \/><\/a><\/figure><\/div>\n\n\n<hr class=\"wp-block-separator has-css-opacity\"\/>\n\n\n<div class=\"wp-block-image\">\n<figure class=\"alignleft\"><img decoding=\"async\" src=\"http:\/\/www.vs-jaegergrund.at\/konservatorium\/img4.gif\" alt=\"\"\/><\/figure><\/div>\n\n\n<p><strong>Au\u00dfenstelle des<\/strong>&nbsp;&nbsp;<a href=\"http:\/\/www.verwaltung.steiermark.at\/cms\/ziel\/74836019\/DE\">Johann-Joseph-Fux-Konservatoriums<\/a>&nbsp;<strong>des Landes Steiermark<\/strong><\/p>\n\n\n\n<p><\/p>\n\n\n<div class=\"wp-block-image\">\n<figure class=\"alignleft\"><a href=\"http:\/\/www.atus-graz.com\/\"><img decoding=\"async\" src=\"http:\/\/www.vs-jaegergrund.at\/ATUS-Graz%20small.jpg\" alt=\"\"\/><\/a><\/figure><\/div>\n\n\n<p class=\"has-text-align-left\"><strong>Sportangebote<\/strong>:&nbsp;&nbsp;&nbsp;HipHop,&nbsp;<a href=\"http:\/\/movingkids.at\/\">Fu\u00dfball- und Bewegungsschule Zisser<\/a>;&nbsp;<br><a href=\"http:\/\/www.bewegungslandsteiermark.at\/\">Bewegungsland Steiermark<\/a>; Haltungsturnen&#8230;&nbsp;<\/p>\n","protected":false},"excerpt":{"rendered":"<p>Unterer Br\u00fcndlweg 218053 Grazvs.jaegergrund@vs-jaegergrund.edu.graz.at0316\/87269600664\/608726960Nachmittagsbetreuung: 0664\/7645314 &#8222;TAG der OFFENEN T\u00dcR&#8220; Ein paar Kinder unserer Schule m\u00f6chten Ihnen unser Schulhaus vorstellen.&amp;amp;lt;br&gt;Falls Sie genauere Informationen \u00fcber unsere Schule haben m\u00f6chten oder Fragen haben, k\u00f6nnen Sie uns gerne eine Mail schreiben.&amp;amp;lt;br&gt;&amp;amp;lt;a rel=&#8220;noreferrer noopener&#8220; href=&#8220;mailto:vs.jaegergrund@vs-jaegergrund.edu.graz.at&#8220; target=&#8220;_blank&#8220;&gt;vs.jaegergrund@vs-jaegergrund.edu.graz.at&nbsp;&amp;amp;lt;\/a&gt;&amp;amp;lt;br&gt;WIR FREUEN UNS \u00dcBER IHR INTERESSE!&amp;amp;lt;strong&gt;&amp;amp;lt;br&gt;&amp;amp;lt;\/strong&gt;&amp;amp;lt;\/p&gt; Wir sind megastolz auf unsere K\u00fcnstlerinnen und K\u00fcnstler!!! Wenn&hellip; <a href=\"https:\/\/new.vs-jaegergrund.at\/\" class=\"more-link\">Weiterlesen <span class=\"screen-reader-text\">VS J\u00e4gergrund<\/span><\/a><\/p>\n","protected":false},"author":4,"featured_media":1329,"parent":0,"menu_order":0,"comment_status":"closed","ping_status":"closed","template":"","meta":{"footnotes":""},"_links":{"self":[{"href":"https:\/\/new.vs-jaegergrund.at\/index.php?rest_route=\/wp\/v2\/pages\/69"}],"collection":[{"href":"https:\/\/new.vs-jaegergrund.at\/index.php?rest_route=\/wp\/v2\/pages"}],"about":[{"href":"https:\/\/new.vs-jaegergrund.at\/index.php?rest_route=\/wp\/v2\/types\/page"}],"author":[{"embeddable":true,"href":"https:\/\/new.vs-jaegergrund.at\/index.php?rest_route=\/wp\/v2\/users\/4"}],"replies":[{"embeddable":true,"href":"https:\/\/new.vs-jaegergrund.at\/index.php?rest_route=%2Fwp%2Fv2%2Fcomments&post=69"}],"version-history":[{"count":134,"href":"https:\/\/new.vs-jaegergrund.at\/index.php?rest_route=\/wp\/v2\/pages\/69\/revisions"}],"predecessor-version":[{"id":1944,"href":"https:\/\/new.vs-jaegergrund.at\/index.php?rest_route=\/wp\/v2\/pages\/69\/revisions\/1944"}],"wp:featuredmedia":[{"embeddable":true,"href":"https:\/\/new.vs-jaegergrund.at\/index.php?rest_route=\/wp\/v2\/media\/1329"}],"wp:attachment":[{"href":"https:\/\/new.vs-jaegergrund.at\/index.php?rest_route=%2Fwp%2Fv2%2Fmedia&parent=69"}],"curies":[{"name":"wp","href":"https:\/\/api.w.org\/{rel}","templated":true}]}}