{"id":407,"date":"2019-10-14T13:28:12","date_gmt":"2019-10-14T11:28:12","guid":{"rendered":"http:\/\/new.vs-jaegergrund.at\/?page_id=407"},"modified":"2020-05-03T19:29:05","modified_gmt":"2020-05-03T17:29:05","slug":"datenschutz","status":"publish","type":"page","link":"https:\/\/new.vs-jaegergrund.at\/?page_id=407","title":{"rendered":"Datenschutz"},"content":{"rendered":"\n<p>Bild- und Tonaufnahmen im Rahmen unserer Veranstaltungen k\u00f6nnen zu Dokumentationszwecken erstellt werden.<br>Diese werden zur Berichterstattung in Printmedien, digitalen und<br>analogen Publikationen, Sozialen Medien etc. verwendet und<br>ver\u00f6ffentlicht. <\/p>\n\n\n\n<p> Sollten Sie mit einer Ver\u00f6ffentlichung nicht einverstanden sein,<br>wenden Sie sich bitte an den Elternverein der VS J\u00e4gergrund<br>unter elternverein.jaegergrund@gmx.at <\/p>\n\n\n\n<p><\/p>\n","protected":false},"excerpt":{"rendered":"<p>Bild- und Tonaufnahmen im Rahmen unserer Veranstaltungen k\u00f6nnen zu Dokumentationszwecken erstellt werden.Diese werden zur Berichterstattung in Printmedien, digitalen undanalogen Publikationen, Sozialen Medien etc. verwendet undver\u00f6ffentlicht. Sollten Sie mit einer Ver\u00f6ffentlichung nicht einverstanden sein,wenden Sie sich bitte an den Elternverein der VS J\u00e4gergrundunter elternverein.jaegergrund@gmx.at<\/p>\n","protected":false},"author":3,"featured_media":0,"parent":0,"menu_order":0,"comment_status":"closed","ping_status":"closed","template":"","meta":{"footnotes":""},"_links":{"self":[{"href":"https:\/\/new.vs-jaegergrund.at\/index.php?rest_route=\/wp\/v2\/pages\/407"}],"collection":[{"href":"https:\/\/new.vs-jaegergrund.at\/index.php?rest_route=\/wp\/v2\/pages"}],"about":[{"href":"https:\/\/new.vs-jaegergrund.at\/index.php?rest_route=\/wp\/v2\/types\/page"}],"author":[{"embeddable":true,"href":"https:\/\/new.vs-jaegergrund.at\/index.php?rest_route=\/wp\/v2\/users\/3"}],"replies":[{"embeddable":true,"href":"https:\/\/new.vs-jaegergrund.at\/index.php?rest_route=%2Fwp%2Fv2%2Fcomments&post=407"}],"version-history":[{"count":3,"href":"https:\/\/new.vs-jaegergrund.at\/index.php?rest_route=\/wp\/v2\/pages\/407\/revisions"}],"predecessor-version":[{"id":696,"href":"https:\/\/new.vs-jaegergrund.at\/index.php?rest_route=\/wp\/v2\/pages\/407\/revisions\/696"}],"wp:attachment":[{"href":"https:\/\/new.vs-jaegergrund.at\/index.php?rest_route=%2Fwp%2Fv2%2Fmedia&parent=407"}],"curies":[{"name":"wp","href":"https:\/\/api.w.org\/{rel}","templated":true}]}}