{"id":14,"date":"2019-01-03T19:47:35","date_gmt":"2019-01-03T18:47:35","guid":{"rendered":"http:\/\/www.vs-jaegergrund.at\/wordpress\/wordpress\/?page_id=14"},"modified":"2023-09-28T17:17:45","modified_gmt":"2023-09-28T15:17:45","slug":"leitbild","status":"publish","type":"page","link":"https:\/\/new.vs-jaegergrund.at\/?page_id=14","title":{"rendered":"P\u00e4dagogische Leitvorstellungen"},"content":{"rendered":"\n<div class=\"wp-block-image\"><figure class=\"aligncenter size-full is-resized\"><img loading=\"lazy\" decoding=\"async\" src=\"http:\/\/new.vs-jaegergrund.at\/wp-content\/uploads\/2022\/08\/LOGO.jpg\" alt=\"\" class=\"wp-image-1275\" width=\"238\" height=\"163\" srcset=\"https:\/\/new.vs-jaegergrund.at\/wp-content\/uploads\/2022\/08\/LOGO.jpg 903w, https:\/\/new.vs-jaegergrund.at\/wp-content\/uploads\/2022\/08\/LOGO-300x205.jpg 300w, https:\/\/new.vs-jaegergrund.at\/wp-content\/uploads\/2022\/08\/LOGO-768x526.jpg 768w\" sizes=\"(max-width: 238px) 100vw, 238px\" \/><\/figure><\/div>\n\n\n\n<p class=\"has-text-align-left\">Die VS-J\u00e4gergrund ist seit dem Schuljahr 2021\/2022 eine zertifizierte \u201eMenschenrechtsschule\u201c. Die Kinder- und Menschenrechte sind Grundlage des schulischen Handelns, Respekt und Achtung des Lebens stehen im Vordergrund.&nbsp;<\/p>\n\n\n\n<p class=\"has-text-align-left\">Unser professionelles Team aus Lehrpersonen, Fachpersonal und Eltern erm\u00f6glicht erfolgreiches, sinnvolles, vergn\u00fcgliches und pers\u00f6nlichkeitsbildendes Lernen f\u00fcr alle Sch\u00fcler*innen im Sinne unserer Grunds\u00e4tze. Eine inklusive Haltung ist uns dabei ein gro\u00dfes Anliegen. Wir leben und erleben kulturelle Vielfalt und einen wertsch\u00e4tzenden Umgang mit allen in der Schule t\u00e4tigen Personen.<\/p>\n\n\n\n<p class=\"has-text-align-left\">Wir nutzen unsere Diversit\u00e4t und schulautonome Spielr\u00e4ume der Lernenden z.B. bei gemeinsamen Ausfl\u00fcgen, bei klassen\u00fcbergreifendem Sportunterricht oder bei Chor- und Theaterp\u00e4dagogik, um den Kindern Toleranz und Herzensbildung nahe zu bringen. Des Weiteren gestalten wir eine lernf\u00f6rdernde Umgebung mit frei verf\u00fcgbaren Lernmaterialien und anregender Klassendekoration mit selbst gemalten Bildern und Fotos von gemeinsamen Projekten.<\/p>\n\n\n\n<p class=\"has-text-align-left\">Unterrichtsformen wie Offenes Lernen, Gruppen- und Projektarbeiten sowie das Einladen von Expert*innen und die Begabungsf\u00f6rderung kommen zum Einsatz, um den bestm\u00f6glichen Lernerfolg zu erzielen. Alle Lernenden werden individuell gef\u00f6rdert und auch ihre Eltern werden in Lernprozesse eingebunden und beraten. Bei der sprachlichen Bildung setzen wir auf zus\u00e4tzliche Angebote und Materialvielfalt in unserer schuleigenen Bibliothek. Digitales Lernen wird in den Unterricht integriert. So werden neue Medien eingesetzt und zur Vertiefung von Lerninhalten genutzt.&nbsp;<\/p>\n\n\n\n<p class=\"has-text-align-left\">Wir f\u00f6rdern die Selbstst\u00e4ndigkeit, die Eigenverantwortlichkeit und die soziale Handlungsf\u00e4higkeit unserer Sch\u00fcler*innen, indem wir auf Lerngruppen und Projekte setzen, die bewusstmachen, warum es wichtig ist, zu lernen. Mit individuellen Gespr\u00e4chen, gezielten Beobachtungen und standardisierten Tests k\u00f6nnen wir die Lernvoraussetzungen und Lernprozesse der Kinder einsch\u00e4tzen und so das Lehrangebot und die individuelle F\u00f6rderung noch besser anpassen. So soll die Leistungsbereitschaft und das Vertrauen in die eigene Leistungsf\u00e4higkeit gesteigert werden.<\/p>\n\n\n\n<p class=\"has-text-align-left\">Die Leistungsbeurteilung ist an unserer Schule transparent, der Lehrstoff und die Lernziele werden gem. \u00a7 17 SchUG vermittelt und bewertet. Kontinuierlich wird der Leistungsstand zwischen Lehrpersonal und Eltern ausgetauscht. Leistungserwartungen und Beurteilungskriterien werden mittels individueller Tages- und Wochenpl\u00e4ne vermittelt und insbesondere bei den KEL-Gespr\u00e4chen (Kind-Eltern-Lehrer*innen) gemeinsam evaluiert.&nbsp;<\/p>\n\n\n\n<p class=\"has-text-align-left\">Generell pflegen wir eine offene Kommunikation und arbeiten aktiv an unseren Schulpartnerschaften und Kooperationen.<\/p>\n\n\n\n<p class=\"has-text-align-left\">Wir entwickeln unseren Unterricht stetig weiter. In unserem gut funktionierenden Lehrenden-Team herrscht regelm\u00e4\u00dfiger Austausch \u00fcber P\u00e4dagogik, Didaktik und Methodik. Teamsitzungen und die Zusammenarbeit der Lehrenden sind wichtige Mittel zur Qualit\u00e4tssicherung des Unterrichts an unserer Schule. Zudem nutzen wir die Expertise von Beratungs- und Unterst\u00fctzungssystemen, wie z.B. Beratungslehrer*in, Sprachheillehrer*in Sonderp\u00e4dagoge*in und Schulpsychologe*in.&nbsp;<\/p>\n\n\n\n<p class=\"has-text-align-left\">Au\u00dferdem ist es uns wichtig, dass unser Lehrpersonal durch vielf\u00e4ltige Fortbildungen Zusatzqualifikationen aufweist, unter anderem im Bereich der Sonderp\u00e4dagogik, Deutsch als Zweitsprache oder in den Bereichen des Muttersprachlichen Unterrichts.<\/p>\n\n\n\n<p class=\"has-text-align-left\">Die VS-J\u00e4gergrund soll f\u00fcr alle ein Ort der Begegnung, Geborgenheit und Entfaltung von Talenten sein, ein Ort, in dem es selbstverst\u00e4ndlich ist, dass die Menschenrechte gewahrt und gelebt werden.<\/p>\n","protected":false},"excerpt":{"rendered":"<p>Die VS-J\u00e4gergrund ist seit dem Schuljahr 2021\/2022 eine zertifizierte \u201eMenschenrechtsschule\u201c. Die Kinder- und Menschenrechte sind Grundlage des schulischen Handelns, Respekt und Achtung des Lebens stehen im Vordergrund.&nbsp; Unser professionelles Team aus Lehrpersonen, Fachpersonal und Eltern erm\u00f6glicht erfolgreiches, sinnvolles, vergn\u00fcgliches und pers\u00f6nlichkeitsbildendes Lernen f\u00fcr alle Sch\u00fcler*innen im Sinne unserer Grunds\u00e4tze. Eine inklusive Haltung ist uns dabei&hellip; <a href=\"https:\/\/new.vs-jaegergrund.at\/?page_id=14\" class=\"more-link\">Weiterlesen <span class=\"screen-reader-text\">P\u00e4dagogische Leitvorstellungen<\/span><\/a><\/p>\n","protected":false},"author":3,"featured_media":0,"parent":0,"menu_order":0,"comment_status":"closed","ping_status":"closed","template":"","meta":{"footnotes":""},"_links":{"self":[{"href":"https:\/\/new.vs-jaegergrund.at\/index.php?rest_route=\/wp\/v2\/pages\/14"}],"collection":[{"href":"https:\/\/new.vs-jaegergrund.at\/index.php?rest_route=\/wp\/v2\/pages"}],"about":[{"href":"https:\/\/new.vs-jaegergrund.at\/index.php?rest_route=\/wp\/v2\/types\/page"}],"author":[{"embeddable":true,"href":"https:\/\/new.vs-jaegergrund.at\/index.php?rest_route=\/wp\/v2\/users\/3"}],"replies":[{"embeddable":true,"href":"https:\/\/new.vs-jaegergrund.at\/index.php?rest_route=%2Fwp%2Fv2%2Fcomments&post=14"}],"version-history":[{"count":5,"href":"https:\/\/new.vs-jaegergrund.at\/index.php?rest_route=\/wp\/v2\/pages\/14\/revisions"}],"predecessor-version":[{"id":1517,"href":"https:\/\/new.vs-jaegergrund.at\/index.php?rest_route=\/wp\/v2\/pages\/14\/revisions\/1517"}],"wp:attachment":[{"href":"https:\/\/new.vs-jaegergrund.at\/index.php?rest_route=%2Fwp%2Fv2%2Fmedia&parent=14"}],"curies":[{"name":"wp","href":"https:\/\/api.w.org\/{rel}","templated":true}]}}