{"id":1148,"date":"2021-12-05T18:18:55","date_gmt":"2021-12-05T17:18:55","guid":{"rendered":"http:\/\/new.vs-jaegergrund.at\/?page_id=1148"},"modified":"2026-03-10T19:32:14","modified_gmt":"2026-03-10T18:32:14","slug":"beratung","status":"publish","type":"page","link":"https:\/\/new.vs-jaegergrund.at\/?page_id=1148","title":{"rendered":"Beratung"},"content":{"rendered":"\n<p>Hier d\u00fcrfen wir Ihnen unser Beratungsteam, mit dem wir eng kooperieren, vorstellen. <\/p>\n\n\n\n<p>Sie finden einige Links, Kontaktdaten und Aufgabenbereiche unserer schulischen Beratungsm\u00f6glichkeiten: <\/p>\n\n\n\n<hr class=\"wp-block-separator has-css-opacity\"\/>\n\n\n\n<p class=\"has-medium-font-size\">Unsere Beratungslehrerin Frau Dipl. P\u00e4d. Andrea Girstmair, BEd<\/p>\n\n\n<div class=\"wp-block-image\">\n<figure class=\"aligncenter size-full is-resized\"><img loading=\"lazy\" decoding=\"async\" width=\"672\" height=\"942\" src=\"http:\/\/new.vs-jaegergrund.at\/wp-content\/uploads\/2025\/09\/Bildschirmfoto-2025-09-29-um-12.29.11.png\" alt=\"\" class=\"wp-image-1992\" style=\"width:202px;height:auto\" srcset=\"https:\/\/new.vs-jaegergrund.at\/wp-content\/uploads\/2025\/09\/Bildschirmfoto-2025-09-29-um-12.29.11.png 672w, https:\/\/new.vs-jaegergrund.at\/wp-content\/uploads\/2025\/09\/Bildschirmfoto-2025-09-29-um-12.29.11-214x300.png 214w\" sizes=\"(max-width: 672px) 100vw, 672px\" \/><\/figure><\/div>\n\n\n<p>Sie ist unter folgender Email-Adresse erreichbar: <a href=\"andrea.girstmair@vs-ms-ellen-key.edu.graz.at\" data-type=\"link\" data-id=\"andrea.girstmair@vs-ms-ellen-key.edu.graz.at\" target=\"_blank\" rel=\"noreferrer noopener\">andrea.girstmair@vs-ms-ellen-key.edu.graz.at<\/a><\/p>\n\n\n\n<p>Telefonnummer: +43 677 631 39 016<\/p>\n\n\n\n<p>! Weitere wichtige Informationen zum Aufgabenbereich von BeratungslehrerInnen finden Sie <a href=\"http:\/\/new.vs-jaegergrund.at\/wp-content\/uploads\/2025\/09\/Vorstellung_MS_Jaegergrund_Brief.pdf\" data-type=\"link\" data-id=\"http:\/\/new.vs-jaegergrund.at\/wp-content\/uploads\/2025\/09\/Vorstellung_MS_Jaegergrund_Brief.pdf\">HIER<\/a>.<\/p>\n\n\n\n<hr class=\"wp-block-separator has-css-opacity\"\/>\n\n\n\n<p class=\"has-medium-font-size\"><a rel=\"noreferrer noopener\" href=\"https:\/\/www.bildung-stmk.gv.at\/service\/schulpsychologie.html\" target=\"_blank\">Schulpsychologischer Dienst<\/a>:<\/p>\n\n\n<div class=\"wp-block-image\">\n<figure class=\"aligncenter size-full is-resized\"><img loading=\"lazy\" decoding=\"async\" width=\"458\" height=\"584\" src=\"http:\/\/new.vs-jaegergrund.at\/wp-content\/uploads\/2025\/03\/Bildschirmfoto-2025-03-19-um-14.29.40.png\" alt=\"\" class=\"wp-image-1895\" style=\"width:226px;height:auto\" srcset=\"https:\/\/new.vs-jaegergrund.at\/wp-content\/uploads\/2025\/03\/Bildschirmfoto-2025-03-19-um-14.29.40.png 458w, https:\/\/new.vs-jaegergrund.at\/wp-content\/uploads\/2025\/03\/Bildschirmfoto-2025-03-19-um-14.29.40-235x300.png 235w\" sizes=\"(max-width: 458px) 100vw, 458px\" \/><\/figure><\/div>\n\n\n<p><strong>Lisa Kaiser, MSc, BSc, Bakk.phil.&nbsp;Klinische- und Gesundheitspsychologin<\/strong> unterst\u00fctzt unser Team im Bereich &#8222;Schulpsychologie&#8220;. <\/p>\n\n\n\n<p>Telefonisch ist sie erreichbar unter&nbsp;<strong>0664 8034555 500<\/strong> oder gerne per Mail unter&nbsp;<strong><a href=\"mailto:lisa.kaiser@bildung-stmk.gv.at\">lisa.kaiser@bildung-stmk.gv.at<\/a><\/strong><\/p>\n\n\n\n<p><\/p>\n\n\n\n<p>Weitere Infos zu ihren Aufgabenbereichen finden Sie <a href=\"http:\/\/new.vs-jaegergrund.at\/wp-content\/uploads\/2025\/03\/Infoblatt_Schulpsychologin_Kaiser_VS_KOZI-MSc.pdf\">HIER<\/a>. <\/p>\n\n\n\n<ol start=\"0\">\n<li><\/li>\n<\/ol>\n\n\n\n<hr class=\"wp-block-separator has-css-opacity\"\/>\n\n\n\n<p class=\"has-medium-font-size\"><a rel=\"noreferrer noopener\" href=\"\" target=\"_blank\">Sc<\/a><a href=\"https:\/\/www.jugendreferat.steiermark.at\/cms\/beitrag\/12415592\/100092456\" target=\"_blank\" rel=\"noreferrer noopener\">hulsozialarbeit:<\/a> <\/p>\n\n\n<div class=\"wp-block-image\">\n<figure class=\"aligncenter size-medium\"><img loading=\"lazy\" decoding=\"async\" width=\"225\" height=\"300\" src=\"http:\/\/new.vs-jaegergrund.at\/wp-content\/uploads\/2023\/09\/Foto-1-225x300.jpg\" alt=\"\" class=\"wp-image-1545\" srcset=\"https:\/\/new.vs-jaegergrund.at\/wp-content\/uploads\/2023\/09\/Foto-1-225x300.jpg 225w, https:\/\/new.vs-jaegergrund.at\/wp-content\/uploads\/2023\/09\/Foto-1.jpg 300w\" sizes=\"(max-width: 225px) 100vw, 225px\" \/><\/figure><\/div>\n\n\n<p>Unser Team wird von Chris Vojta unterst\u00fctzt, der als Schulsozialarbeiter der Schulpsychologie Steiermark in unserer Schule t\u00e4tig ist. <\/p>\n\n\n\n<p>Weitere Infos dazu finden Sie <a href=\"http:\/\/new.vs-jaegergrund.at\/wp-content\/uploads\/2026\/03\/Einverstaendniserklaerung_Elterninfo-SSA-VS-Jae.pdf\" data-type=\"link\" data-id=\"http:\/\/new.vs-jaegergrund.at\/wp-content\/uploads\/2025\/09\/Einverstaendniserklaerung_Elterninfo-SSA-Beispiel.pdf\" target=\"_blank\" rel=\"noreferrer noopener\">HIER<\/a>.<\/p>\n\n\n\n<p><\/p>\n\n\n\n<p>Email: <a href=\"mailto:chris.vojta@bildung-stmk.gv.at\" target=\"_blank\" rel=\"noreferrer noopener\">chris.vojta@bildung-stmk.gv.at<\/a><\/p>\n\n\n\n<p><\/p>\n\n\n\n<p>Telefonnummer: 0664\/2440901<\/p>\n\n\n\n<p><\/p>\n\n\n\n<hr class=\"wp-block-separator has-css-opacity\"\/>\n\n\n\n<p class=\"has-medium-font-size\"><a href=\"https:\/\/www.bildung-stmk.gv.at\/ueber-uns\/abteilungen\/praesidialbereich\/praes-6.html\">Schul\u00e4rztlicher Dienst<\/a>:<\/p>\n\n\n\n<p>Unsere Schul\u00e4rztin ist Frau <strong>Dr. Vyan Noori-Zandi<\/strong>. Sie ist unter folgender Emailadresse erreichbar:<\/p>\n\n\n\n<p><a href=\"mailto:maria.egger-schinnerl@stadt.graz.at\"><em>Vyan-Noori-Zandi@stadt-graz.at<\/em><\/a><\/p>\n\n\n\n<p>Telefonnummer: <em>0664 78035083<\/em><\/p>\n\n\n\n<p><\/p>\n\n\n\n<hr class=\"wp-block-separator has-css-opacity\"\/>\n\n\n\n<p><\/p>\n\n\n\n<p class=\"has-medium-font-size\"><a href=\"https:\/\/www.bildung-stmk.gv.at\/service\/schulpsychologie\/Beratungsstelle-f-r-Sch-lerInnen-mit-einer-anderen-Erstsprache-als-Deutsch.html\" target=\"_blank\" rel=\"noreferrer noopener\">Beratung<\/a> f\u00fcr Eltern mit einer<strong> anderen Erstsprache als Deutsch<\/strong><\/p>\n\n\n\n<p><\/p>\n\n\n\n<hr class=\"wp-block-separator has-css-opacity\"\/>\n\n\n\n<p><strong>Rat auf Draht<\/strong> betreibt seit Beginn des Schuljahres 2023\/2024 das Angebot der Beratung zu Schulthemen in Kooperation mit dem BMBWF.&nbsp;Speziell f\u00fcr Eltern, Erziehungsberechtigte sowie P\u00e4dagoginnen und P\u00e4dagogen gibt es das Angebot, ein Beratungsgespr\u00e4ch \u00fcber Online-Videoberatung in Anspruch zu nehmen. Mehr dazu finden Sie unter: <a href=\"https:\/\/elternseite.at\/de\/beratung-schulthemen\">https:\/\/elternseite.at\/de\/beratung-schulthemen<\/a> <\/p>\n","protected":false},"excerpt":{"rendered":"<p>Hier d\u00fcrfen wir Ihnen unser Beratungsteam, mit dem wir eng kooperieren, vorstellen. Sie finden einige Links, Kontaktdaten und Aufgabenbereiche unserer schulischen Beratungsm\u00f6glichkeiten: Unsere Beratungslehrerin Frau Dipl. P\u00e4d. Andrea Girstmair, BEd Sie ist unter folgender Email-Adresse erreichbar: andrea.girstmair@vs-ms-ellen-key.edu.graz.at Telefonnummer: +43 677 631 39 016 ! Weitere wichtige Informationen zum Aufgabenbereich von BeratungslehrerInnen finden Sie HIER. Schulpsychologischer&hellip; <a href=\"https:\/\/new.vs-jaegergrund.at\/?page_id=1148\" class=\"more-link\">Weiterlesen <span class=\"screen-reader-text\">Beratung<\/span><\/a><\/p>\n","protected":false},"author":4,"featured_media":0,"parent":0,"menu_order":0,"comment_status":"closed","ping_status":"closed","template":"","meta":{"footnotes":""},"_links":{"self":[{"href":"https:\/\/new.vs-jaegergrund.at\/index.php?rest_route=\/wp\/v2\/pages\/1148"}],"collection":[{"href":"https:\/\/new.vs-jaegergrund.at\/index.php?rest_route=\/wp\/v2\/pages"}],"about":[{"href":"https:\/\/new.vs-jaegergrund.at\/index.php?rest_route=\/wp\/v2\/types\/page"}],"author":[{"embeddable":true,"href":"https:\/\/new.vs-jaegergrund.at\/index.php?rest_route=\/wp\/v2\/users\/4"}],"replies":[{"embeddable":true,"href":"https:\/\/new.vs-jaegergrund.at\/index.php?rest_route=%2Fwp%2Fv2%2Fcomments&post=1148"}],"version-history":[{"count":43,"href":"https:\/\/new.vs-jaegergrund.at\/index.php?rest_route=\/wp\/v2\/pages\/1148\/revisions"}],"predecessor-version":[{"id":2020,"href":"https:\/\/new.vs-jaegergrund.at\/index.php?rest_route=\/wp\/v2\/pages\/1148\/revisions\/2020"}],"wp:attachment":[{"href":"https:\/\/new.vs-jaegergrund.at\/index.php?rest_route=%2Fwp%2Fv2%2Fmedia&parent=1148"}],"curies":[{"name":"wp","href":"https:\/\/api.w.org\/{rel}","templated":true}]}}