{"id":91,"date":"2019-01-03T20:49:46","date_gmt":"2019-01-03T19:49:46","guid":{"rendered":"http:\/\/www.vs-jaegergrund.at\/wordpress\/wordpress\/?p=91"},"modified":"2020-11-18T20:58:02","modified_gmt":"2020-11-18T19:58:02","slug":"seite-in-arbeit","status":"publish","type":"page","link":"http:\/\/new.vs-jaegergrund.at\/?page_id=91","title":{"rendered":"Ready4Delete &#8211; Elternverein der VS J\u00e4gergrund"},"content":{"rendered":"\n<p><strong>Der Elternverein der Volksschule\nJ\u00e4gergrund stellt sich vor:<\/strong><\/p>\n\n\n\n<p>Zuerst\nm\u00f6chten wir im Namen des Elternvereins die Eltern und nat\u00fcrlich Sch\u00fclerInnen\nder neuen\n1. Klassen herzlich bei uns begr\u00fc\u00dfen.<\/p>\n\n\n\n<p><strong>Elternverein \u2013 was ist das eigentlich?<\/strong><\/p>\n\n\n\n<p>Der Elternverein unserer Schule ist eine\n\u00fcberparteiliche und \u00fcberkonfessionelle Elternvertretung, die sich aus der\nElterngemeinschaft der Schule (Mitglieder) zusammensetzt und ein wesentlicher\nBestandteil der aktiven Schulpartnerschaft ist.<\/p>\n\n\n\n<p>Der Elternverein vertritt\ndie Interessen der Eltern gegen\u00fcber der Schule. Den Eltern wird die M\u00f6glichkeit\ngeboten, \u00fcber Themen und Anliegen, die ihnen am Herzen liegen, zu diskutieren\nund sich untereinander mit Information zu versorgen. Der Elternverein\nunterst\u00fctzt die Klassenelternvertreter bei ihrer T\u00e4tigkeit und setzt\nAktivit\u00e4ten im Sinne eines positiven Schulgeschehens.<\/p>\n\n\n\n<p>In den letzten Jahren haben sich folgende\nVeranstaltungen bew\u00e4hrt:<\/p>\n\n\n\n<ul><li><strong>Willkommen-Kaffeestand am ersten Schultag<\/strong><\/li><li><strong>Osterbasteln<\/strong><\/li><li><strong>Flohm\u00e4rkte<\/strong><\/li><li><strong>Sommerfest<br>\n<\/strong>Zum Abschluss des Schuljahres feiern Kinder,\nEltern und Lehrer gemeinsam ein Schulfest!<\/li><\/ul>\n\n\n\n<p>Mit den Ertr\u00e4gen der Veranstaltungen und den\nMitgliedsbeitr\u00e4gen der Eltern werden verschiedene Projekte (mit)finanziert:<\/p>\n\n\n\n<ul><li><strong>Projekttage <\/strong>der 4. Klassen\n(8,- \u20ac pro Kind)<\/li><li><strong>Projektf\u00f6rderung <\/strong>aller Klassen\n(6,- \u20ac pro Kind)<\/li><li><strong>Bleistift Jumbo Grip <\/strong>als Schreiblernhilfe\nf\u00fcr alle \u201eTafelklassler\u201c<\/li><li><strong>B\u00fccher <\/strong>als Abschiedsgeschenk f\u00fcr\ndie Sch\u00fcler der 4. Klassen<\/li><li><strong>Musikalische Umrahmung der Erstkommunion<\/strong><\/li><\/ul>\n\n\n\n<p>Im Bedarfsfall gibt es die M\u00f6glichkeit von <strong>Einzelzuwendungen<\/strong>, damit keinem Kind wegen finanzieller Probleme die Teilnahme an Schulprojekten verwehrt wird.<\/p>\n\n\n\n<hr class=\"wp-block-separator\"\/>\n\n\n\n<p><strong>Das Vorstandsteam des Elternvereins\nstellt sich vor:<\/strong><\/p>\n\n\n\n<figure class=\"wp-block-table is-style-stripes\"><table><tbody><tr><td>Obfrau<\/td><td>Manuela Intichar<\/td><td>Klasse von Frau Urwalek<\/td><\/tr><tr><td>Obfrau-Stellvertreter<\/td><td>Thomas Fuchs<\/td><td>Klasse von Frau Bucnik<\/td><\/tr><tr><td>Schriftf\u00fchrerin<\/td><td>Gerhild Janser-Munro<\/td><td>Klasse von Frau Peer<\/td><\/tr><tr><td>Schriftf\u00fchrerin-Stellvertreterin<\/td><td>Irmgard Ressel<\/td><td>Klasse von Frau Stelzl<\/td><\/tr><tr><td>Kassier<\/td><td>Martin Gimpl<\/td><td>Klasse von Frau Urwalek<\/td><\/tr><tr><td>Kassier-Stellvertreterin<\/td><td>Andreas Sagmeister<\/td><td>Klasse von Frau Wallitsch<\/td><\/tr><\/tbody><\/table><\/figure>\n\n\n\n<p><strong>Wir freuen uns Sie und Ihr Kind\/Ihre\nKinder bei unseren Veranstaltungen begr\u00fc\u00dfen zu k\u00f6nnen.<\/strong><\/p>\n\n\n\n<hr class=\"wp-block-separator\"\/>\n\n\n\n<p class=\"has-text-align-center\">F\u00fcr den Elternverein<\/p>\n\n\n\n<p class=\"has-text-align-center\">Manuela Intichar\/Thomas Fuchs und Gerhild Janser Munro\/Irmgard Ressel<\/p>\n\n\n\n<hr class=\"wp-block-separator\"\/>\n\n\n\n<p><strong>Kontaktdaten<\/strong>:&nbsp;&nbsp;&nbsp;&nbsp;&nbsp;&nbsp; Obfrau Manuela Intichar, <a href=\"mailto:elternverein.jaegergrund@gmx.at\">elternverein.jaegergrund@gmx.at<\/a><strong>;<\/strong> 0650\/5060520<\/p>\n\n\n\n<p>IBAN: AT83 1700 0001 8300 0748, BIC: BFKKAT2K, Bank f\u00fcr Ktn. und Stmk.<\/p>\n","protected":false},"excerpt":{"rendered":"<p>Der Elternverein der Volksschule J\u00e4gergrund stellt sich vor: Zuerst m\u00f6chten wir im Namen des Elternvereins die Eltern und nat\u00fcrlich Sch\u00fclerInnen der neuen 1. Klassen herzlich bei uns begr\u00fc\u00dfen. Elternverein \u2013 was ist das eigentlich? Der Elternverein unserer Schule ist eine \u00fcberparteiliche und \u00fcberkonfessionelle Elternvertretung, die sich aus der Elterngemeinschaft der Schule (Mitglieder) zusammensetzt und ein&hellip; <a href=\"http:\/\/new.vs-jaegergrund.at\/?page_id=91\" class=\"more-link\">Weiterlesen <span class=\"screen-reader-text\">Ready4Delete &#8211; Elternverein der VS J\u00e4gergrund<\/span><\/a><\/p>\n","protected":false},"author":2,"featured_media":0,"parent":0,"menu_order":0,"comment_status":"closed","ping_status":"closed","template":"","meta":{"footnotes":""},"_links":{"self":[{"href":"http:\/\/new.vs-jaegergrund.at\/index.php?rest_route=\/wp\/v2\/pages\/91"}],"collection":[{"href":"http:\/\/new.vs-jaegergrund.at\/index.php?rest_route=\/wp\/v2\/pages"}],"about":[{"href":"http:\/\/new.vs-jaegergrund.at\/index.php?rest_route=\/wp\/v2\/types\/page"}],"author":[{"embeddable":true,"href":"http:\/\/new.vs-jaegergrund.at\/index.php?rest_route=\/wp\/v2\/users\/2"}],"replies":[{"embeddable":true,"href":"http:\/\/new.vs-jaegergrund.at\/index.php?rest_route=%2Fwp%2Fv2%2Fcomments&post=91"}],"version-history":[{"count":19,"href":"http:\/\/new.vs-jaegergrund.at\/index.php?rest_route=\/wp\/v2\/pages\/91\/revisions"}],"predecessor-version":[{"id":871,"href":"http:\/\/new.vs-jaegergrund.at\/index.php?rest_route=\/wp\/v2\/pages\/91\/revisions\/871"}],"wp:attachment":[{"href":"http:\/\/new.vs-jaegergrund.at\/index.php?rest_route=%2Fwp%2Fv2%2Fmedia&parent=91"}],"curies":[{"name":"wp","href":"https:\/\/api.w.org\/{rel}","templated":true}]}}