{"id":1398,"date":"2023-01-20T14:00:20","date_gmt":"2023-01-20T13:00:20","guid":{"rendered":"http:\/\/new.vs-jaegergrund.at\/?page_id=1398"},"modified":"2024-03-11T18:36:35","modified_gmt":"2024-03-11T17:36:35","slug":"formulare","status":"publish","type":"page","link":"http:\/\/new.vs-jaegergrund.at\/?page_id=1398","title":{"rendered":"Formulare"},"content":{"rendered":"\n<p><a rel=\"noreferrer noopener\" href=\"http:\/\/new.vs-jaegergrund.at\/wp-content\/uploads\/2024\/03\/An-Abmeldung-Religionsunterricht.pdf\" target=\"_blank\">Formular 1 <\/a>: An- und Abmeldung vom Religionsunterricht f\u00fcr das Schuljahr 2024\/2025 <\/p>\n\n\n\n<p><a rel=\"noreferrer noopener\" href=\"http:\/\/new.vs-jaegergrund.at\/wp-content\/uploads\/2024\/01\/Abmeldung-Schuljahr-23_24.pdf\" target=\"_blank\">Formular<\/a><a href=\"http:\/\/new.vs-jaegergrund.at\/wp-content\/uploads\/2024\/01\/Abmeldung-Schuljahr-23_24.pdf\"> 2:<\/a> Abmeldung Nachmittagsbetreuung Schuljahr 2024\/2025 (Bis 30. Juni 2024!!) <\/p>\n\n\n\n<p><a href=\"http:\/\/new.vs-jaegergrund.at\/wp-content\/uploads\/2024\/01\/Abmeldung-Semesterwechsel.pdf\" target=\"_blank\" rel=\"noreferrer noopener\">Formular 3:<\/a> Abmeldung Nachmittagsbetreuung ab dem 2. Semester 2023\/2024 (Bis 31. J\u00e4nner!!) <\/p>\n\n\n\n<p><a rel=\"noreferrer noopener\" href=\"http:\/\/new.vs-jaegergrund.at\/wp-content\/uploads\/2024\/01\/unterjaehrige-Abmeldung.pdf\" data-type=\"URL\" data-id=\"http:\/\/new.vs-jaegergrund.at\/wp-content\/uploads\/2024\/01\/unterjaehrige-Abmeldung.pdf\" target=\"_blank\">Formular 4: <\/a>Abmeldung Nachmittagsbetreuung unterj\u00e4hrig bei Schulwechsel<\/p>\n\n\n\n<p><a href=\"http:\/\/new.vs-jaegergrund.at\/wp-content\/uploads\/2023\/01\/Aenderungsmeldung-Schuljahr-23_24.pdf\" target=\"_blank\" rel=\"noreferrer noopener\">Formular 5:<\/a> \u00c4nderungsmeldung St\u00e4dtische Tagesbetreuung Schuljahr 2023\/2024<\/p>\n\n\n\n<p><a href=\"http:\/\/new.vs-jaegergrund.at\/wp-content\/uploads\/2023\/01\/Ansuchen-zur-Genehmigung-des-Fernbleibens-vom-Unterricht-ueber-eine-Woche.pdf\">F<\/a><a href=\"http:\/\/new.vs-jaegergrund.at\/wp-content\/uploads\/2023\/01\/Freistellung-vom-Unterricht.pdf\" target=\"_blank\" rel=\"noreferrer noopener\">ormular 6: <\/a>Ansuchen um Freistellung vom Unterricht (bis eine Woche)<\/p>\n\n\n\n<p><a href=\"http:\/\/new.vs-jaegergrund.at\/wp-content\/uploads\/2023\/01\/Ansuchen-zur-Genehmigung-des-Fernbleibens-vom-Unterricht-ueber-eine-Woche.pdf\" target=\"_blank\" rel=\"noreferrer noopener\">Formular 7:<\/a> Ansuchen zur Genehmigung des Fernbleibens vom Unterricht (\u00fcber eine Woche) <\/p>\n\n\n\n<p><\/p>\n\n\n\n<p class=\"has-drop-cap\"><br>Anmeldungen f\u00fcr den Erstsprachenunterricht (muttersprachlicher Unterricht): <\/p>\n\n\n\n<p><\/p>\n\n\n\n<p><a rel=\"noreferrer noopener\" href=\"http:\/\/new.vs-jaegergrund.at\/wp-content\/uploads\/2024\/03\/Anmeldeformular-ESU-Deutsch.pdf\" target=\"_blank\">HIER<\/a> finden Sie das Formular f\u00fcr das Schuljahr 2024\/2025! <\/p>\n\n\n\n<p><\/p>\n\n\n\n<p><\/p>\n\n\n\n<p><\/p>\n\n\n\n<p><a rel=\"noreferrer noopener\" href=\"http:\/\/new.vs-jaegergrund.at\/wp-content\/uploads\/2023\/10\/arabisch-ohne.pdf\" target=\"_blank\">Formular 1:<\/a> Arabisch <\/p>\n\n\n\n<p><a rel=\"noreferrer noopener\" href=\"http:\/\/new.vs-jaegergrund.at\/wp-content\/uploads\/2023\/10\/deutsch-ohne.pdf\" target=\"_blank\">Formular 2<\/a>: Deutsch <\/p>\n\n\n\n<p><a rel=\"noreferrer noopener\" href=\"http:\/\/new.vs-jaegergrund.at\/wp-content\/uploads\/2023\/10\/englisch-ohne.pdf\" target=\"_blank\">Formular 3<\/a>: Englisch <\/p>\n\n\n\n<p><a rel=\"noreferrer noopener\" href=\"http:\/\/new.vs-jaegergrund.at\/wp-content\/uploads\/2023\/10\/ruma__nisch-ohne.pdf\" target=\"_blank\">Formular 4:<\/a> Rum\u00e4nisch<\/p>\n\n\n\n<p><a rel=\"noreferrer noopener\" href=\"http:\/\/new.vs-jaegergrund.at\/wp-content\/uploads\/2023\/10\/tu__rkisch-ohne.pdf\" target=\"_blank\">Formular 5<\/a>: T\u00fcrkisch <\/p>\n\n\n\n<p><a rel=\"noreferrer noopener\" href=\"http:\/\/Formular 6: Ukrainisch http:\/\/new.vs-jaegergrund.at\/wp-content\/uploads\/2023\/10\/ukrainisch_ohne.pdf\" target=\"_blank\">Formular 6:<\/a> Ukrainisch <\/p>\n\n\n\n<p><a rel=\"noreferrer noopener\" href=\"http:\/\/new.vs-jaegergrund.at\/wp-content\/uploads\/2023\/10\/ungarisch-ohne.pdf\" target=\"_blank\">Formular 7<\/a>: Ungarisch <\/p>\n\n\n\n<p><\/p>\n\n\n\n<p><\/p>\n\n\n\n<p><\/p>\n","protected":false},"excerpt":{"rendered":"<p>Formular 1 : An- und Abmeldung vom Religionsunterricht f\u00fcr das Schuljahr 2024\/2025 Formular 2: Abmeldung Nachmittagsbetreuung Schuljahr 2024\/2025 (Bis 30. Juni 2024!!) Formular 3: Abmeldung Nachmittagsbetreuung ab dem 2. Semester 2023\/2024 (Bis 31. J\u00e4nner!!) Formular 4: Abmeldung Nachmittagsbetreuung unterj\u00e4hrig bei Schulwechsel Formular 5: \u00c4nderungsmeldung St\u00e4dtische Tagesbetreuung Schuljahr 2023\/2024 Formular 6: Ansuchen um Freistellung vom Unterricht&hellip; <a href=\"http:\/\/new.vs-jaegergrund.at\/?page_id=1398\" class=\"more-link\">Weiterlesen <span class=\"screen-reader-text\">Formulare<\/span><\/a><\/p>\n","protected":false},"author":6,"featured_media":0,"parent":0,"menu_order":0,"comment_status":"closed","ping_status":"closed","template":"","meta":{"footnotes":""},"_links":{"self":[{"href":"http:\/\/new.vs-jaegergrund.at\/index.php?rest_route=\/wp\/v2\/pages\/1398"}],"collection":[{"href":"http:\/\/new.vs-jaegergrund.at\/index.php?rest_route=\/wp\/v2\/pages"}],"about":[{"href":"http:\/\/new.vs-jaegergrund.at\/index.php?rest_route=\/wp\/v2\/types\/page"}],"author":[{"embeddable":true,"href":"http:\/\/new.vs-jaegergrund.at\/index.php?rest_route=\/wp\/v2\/users\/6"}],"replies":[{"embeddable":true,"href":"http:\/\/new.vs-jaegergrund.at\/index.php?rest_route=%2Fwp%2Fv2%2Fcomments&post=1398"}],"version-history":[{"count":16,"href":"http:\/\/new.vs-jaegergrund.at\/index.php?rest_route=\/wp\/v2\/pages\/1398\/revisions"}],"predecessor-version":[{"id":1686,"href":"http:\/\/new.vs-jaegergrund.at\/index.php?rest_route=\/wp\/v2\/pages\/1398\/revisions\/1686"}],"wp:attachment":[{"href":"http:\/\/new.vs-jaegergrund.at\/index.php?rest_route=%2Fwp%2Fv2%2Fmedia&parent=1398"}],"curies":[{"name":"wp","href":"https:\/\/api.w.org\/{rel}","templated":true}]}}